{"id":1041,"date":"2016-08-17T12:35:44","date_gmt":"2016-08-17T12:35:44","guid":{"rendered":"http:\/\/www.chaletascensus.com\/?page_id=1041"},"modified":"2016-09-14T13:21:55","modified_gmt":"2016-09-14T13:21:55","slug":"bedrooms","status":"publish","type":"page","link":"http:\/\/chaletascensus.com\/fr\/bedrooms\/","title":{"rendered":"Les Chambres"},"content":{"rendered":"<p><strong>Suite 1\u00a0:<\/strong> une chambre double avec son escalier s\u00e9par\u00e9 qui m\u00e8ne \u00e0 une mezzanine spacieuse. Salle de bain moderne avec douche, lavabo et toilettes. Vues sur le jardin et la for\u00eat<strong>. 4\/6<\/strong> <strong>couchages<\/strong>.<\/p>\n<p><strong>Suites 2 et 3\u00a0:<\/strong> deux chambres doubles avec une salle de bain commune avec douche, lavabo, toilettes. Vues sur le jardin c\u00f4t\u00e9 Sud. <strong>4 couchages<\/strong>.<\/p>\n<p><strong>Suite 4\u00a0:<\/strong> une chambre spacieuse avec salle de bain moderne comprenant douche, lavabo, toilettes. Vues c\u00f4t\u00e9 Nord et Est sur les montagnes. <strong>2 couchages<\/strong>.<\/p>\n<p><strong>Suite 5\u00a0:<\/strong> un grand appartement de 2 chambres avec mezzanine (90 m\u00b2) disposant d\u2019un grand salon avec poutres d\u2019origine, cuisinette et sol en ch\u00eane. La grande baie vitr\u00e9e donne sur un large balcon expos\u00e9 Est avec une vue superbe sur la for\u00eat de pins, sur le grand massif et ses cabines partant de la t\u00e9l\u00e9cabine des Carroz. La salle de bain comprend une baignoire, un lavabo et une douche. Toilettes s\u00e9par\u00e9es. <strong>4\/6 couchages.<\/strong><\/p>\n<p><strong><em>\u00a0<\/em><\/strong><\/p>\n","protected":false},"excerpt":{"rendered":"<p>Suite 1\u00a0: une chambre double avec son escalier s\u00e9par\u00e9 qui m\u00e8ne \u00e0 une mezzanine spacieuse. Salle de bain moderne avec douche, lavabo et toilettes. Vues sur le jardin et la for\u00eat. 4\/6 couchages. Suites 2 et 3\u00a0: deux chambres doubles avec une salle de bain commune avec douche, lavabo, toilettes. Vues sur le jardin c\u00f4t\u00e9 [&hellip;]<\/p>\n","protected":false},"author":1,"featured_media":0,"parent":0,"menu_order":0,"comment_status":"closed","ping_status":"closed","template":"","meta":{"_genesis_hide_title":false,"_genesis_hide_breadcrumbs":false,"_genesis_hide_singular_image":false,"_genesis_hide_footer_widgets":false,"_genesis_custom_body_class":"","_genesis_custom_post_class":"","_genesis_layout":""},"_links":{"self":[{"href":"http:\/\/chaletascensus.com\/fr\/wp-json\/wp\/v2\/pages\/1041"}],"collection":[{"href":"http:\/\/chaletascensus.com\/fr\/wp-json\/wp\/v2\/pages"}],"about":[{"href":"http:\/\/chaletascensus.com\/fr\/wp-json\/wp\/v2\/types\/page"}],"author":[{"embeddable":true,"href":"http:\/\/chaletascensus.com\/fr\/wp-json\/wp\/v2\/users\/1"}],"replies":[{"embeddable":true,"href":"http:\/\/chaletascensus.com\/fr\/wp-json\/wp\/v2\/comments?post=1041"}],"version-history":[{"count":9,"href":"http:\/\/chaletascensus.com\/fr\/wp-json\/wp\/v2\/pages\/1041\/revisions"}],"predecessor-version":[{"id":1234,"href":"http:\/\/chaletascensus.com\/fr\/wp-json\/wp\/v2\/pages\/1041\/revisions\/1234"}],"wp:attachment":[{"href":"http:\/\/chaletascensus.com\/fr\/wp-json\/wp\/v2\/media?parent=1041"}],"curies":[{"name":"wp","href":"https:\/\/api.w.org\/{rel}","templated":true}]}}