{"id":1088,"date":"2016-08-19T08:17:28","date_gmt":"2016-08-19T08:17:28","guid":{"rendered":"http:\/\/www.chaletascensus.com\/?page_id=1088"},"modified":"2016-09-14T13:40:46","modified_gmt":"2016-09-14T13:40:46","slug":"picture-credits","status":"publish","type":"page","link":"http:\/\/chaletascensus.com\/fr\/picture-credits\/","title":{"rendered":"Droits d&rsquo;auteur"},"content":{"rendered":"<p>La photo des pistes\u00a0du Grand Massif sur la page d&rsquo;accueil est <a href=\"https:\/\/www.flickr.com\/photos\/barneymoss\/13135459014\" target=\"_blank\">Winter Playground by Barney Moss<\/a>\u00a0 (<a href=\"https:\/\/creativecommons.org\/licenses\/by\/2.0\/\" target=\"_blank\">Some Rights Reserved<\/a>).<\/p>\n<p>Les autres photos sur ce site sont sujettes \u00e0 droits d&rsquo;auteur, elles ne peuvent \u00eatre utilis\u00e9es sans permission.<\/p>\n<p>Nous remercions l&rsquo;Office de Tourisme des Carroz pour nous autoriser \u00e0 utiliser leurs photos.<\/p>\n<p>Certaines\u00a0photos\u00a0de notre\u00a0Chalet nous ont gentiment \u00e9t\u00e9 donn\u00e9es par <a href=\"https:\/\/www.alpine-property.com\/\" target=\"_blank\">Alpine Property<\/a>.<\/p>\n<p>Les autres photos sont\u00a0\u00a9\u00a0Chalet Ascensus.<\/p>\n<p>&nbsp;<\/p>\n","protected":false},"excerpt":{"rendered":"<p>La photo des pistes\u00a0du Grand Massif sur la page d&rsquo;accueil est Winter Playground by Barney Moss\u00a0 (Some Rights Reserved). Les autres photos sur ce site sont sujettes \u00e0 droits d&rsquo;auteur, elles ne peuvent \u00eatre utilis\u00e9es sans permission. Nous remercions l&rsquo;Office de Tourisme des Carroz pour nous autoriser \u00e0 utiliser leurs photos. Certaines\u00a0photos\u00a0de notre\u00a0Chalet nous ont [&hellip;]<\/p>\n","protected":false},"author":1,"featured_media":0,"parent":0,"menu_order":0,"comment_status":"closed","ping_status":"closed","template":"","meta":{"_genesis_hide_title":false,"_genesis_hide_breadcrumbs":false,"_genesis_hide_singular_image":false,"_genesis_hide_footer_widgets":false,"_genesis_custom_body_class":"","_genesis_custom_post_class":"","_genesis_layout":""},"_links":{"self":[{"href":"http:\/\/chaletascensus.com\/fr\/wp-json\/wp\/v2\/pages\/1088"}],"collection":[{"href":"http:\/\/chaletascensus.com\/fr\/wp-json\/wp\/v2\/pages"}],"about":[{"href":"http:\/\/chaletascensus.com\/fr\/wp-json\/wp\/v2\/types\/page"}],"author":[{"embeddable":true,"href":"http:\/\/chaletascensus.com\/fr\/wp-json\/wp\/v2\/users\/1"}],"replies":[{"embeddable":true,"href":"http:\/\/chaletascensus.com\/fr\/wp-json\/wp\/v2\/comments?post=1088"}],"version-history":[{"count":11,"href":"http:\/\/chaletascensus.com\/fr\/wp-json\/wp\/v2\/pages\/1088\/revisions"}],"predecessor-version":[{"id":1091,"href":"http:\/\/chaletascensus.com\/fr\/wp-json\/wp\/v2\/pages\/1088\/revisions\/1091"}],"wp:attachment":[{"href":"http:\/\/chaletascensus.com\/fr\/wp-json\/wp\/v2\/media?parent=1088"}],"curies":[{"name":"wp","href":"https:\/\/api.w.org\/{rel}","templated":true}]}}