{"id":153,"date":"2013-09-11T20:29:04","date_gmt":"2013-09-11T20:29:04","guid":{"rendered":"http:\/\/www.ascensusski.com\/?page_id=153"},"modified":"2016-09-14T13:47:41","modified_gmt":"2016-09-14T13:47:41","slug":"terms","status":"publish","type":"page","link":"http:\/\/chaletascensus.com\/fr\/terms\/","title":{"rendered":"Conditions G\u00e9n\u00e9rales"},"content":{"rendered":"<p>Les s\u00e9jours au Chalet Le Palane sont op\u00e9r\u00e9s par Xavier Baudusseau et Richard Hill \/ Chalet Ascensus enregistr\u00e9 \u00e0 l\u2019adresse 195 chemin des Torchets, 74300 Les Carroz d&rsquo;Araches, France.<\/p>\n<p>Un acompte de 25% du montant total du s\u00e9jour est payable pour confirmer la r\u00e9servation. Une r\u00e9servation ne devient effective qu&rsquo;apr\u00e8s r\u00e9ception de l&rsquo;acompte.<\/p>\n<p>Le solde du montant du s\u00e9jour doit \u00eatre pay\u00e9 au moins 8 semaines avant le d\u00e9but du s\u00e9jour. Si le paiement n&rsquo;est pas effectu\u00e9 avant ou \u00e0 la date pr\u00e9vue, nous nous r\u00e9servons le droit d&rsquo;annuler la r\u00e9servation et de conserver l\u2019acompte.<\/p>\n<p>Si pour une raison quelconque vous souhaitez annuler une r\u00e9servation, vous devez nous faire parvenir un avis par \u00e9crit. Les frais d&rsquo;annulation suivants seront payables:<\/p>\n<ul>\n<li>Plus de 8 semaines avant le d\u00e9but du s\u00e9jour: aucun.<\/li>\n<li>Dans les 6 \u00e0 8 semaines avant le d\u00e9but du s\u00e9jour: acompte.<\/li>\n<li>Dans les 2 \u00e0 6 semaines avant le d\u00e9but du s\u00e9jour: 50% du montant total.<\/li>\n<li>Moins de 2 semaines avant le d\u00e9but du s\u00e9jour: le montant total.<\/li>\n<\/ul>\n<p>En cas de dommages caus\u00e9s au chalet, de son contenu ou de l&rsquo;\u00e9quipement par vous-m\u00eame ou un membre de votre groupe, vous serez responsable du co\u00fbt des dommages (r\u00e9paration ou remplacement).<\/p>\n<p>Il s&rsquo;agit d&rsquo;une disposition expresse de l&rsquo;accord entre nous que chaque membre de votre groupe soit couvert par une assurance vacances ad\u00e9quate et nous ne serons pas responsable de toute r\u00e9clamation normalement couverte par une telle police d\u2019assurance.<\/p>\n<p>Nous nous engageons \u00e0 maintenir une assurance ad\u00e9quate sur les contenus et l&rsquo;assurance responsabilit\u00e9 civile.<\/p>\n<p>Il est interdit de fumer \u00e0 l&rsquo;int\u00e9rieur du Chalet Ascensus.<\/p>\n<p>&nbsp;<\/p>\n","protected":false},"excerpt":{"rendered":"<p>Les s\u00e9jours au Chalet Le Palane sont op\u00e9r\u00e9s par Xavier Baudusseau et Richard Hill \/ Chalet Ascensus enregistr\u00e9 \u00e0 l\u2019adresse 195 chemin des Torchets, 74300 Les Carroz d&rsquo;Araches, France. Un acompte de 25% du montant total du s\u00e9jour est payable pour confirmer la r\u00e9servation. Une r\u00e9servation ne devient effective qu&rsquo;apr\u00e8s r\u00e9ception de l&rsquo;acompte. Le solde [&hellip;]<\/p>\n","protected":false},"author":1,"featured_media":0,"parent":0,"menu_order":0,"comment_status":"open","ping_status":"open","template":"","meta":{"_genesis_hide_title":false,"_genesis_hide_breadcrumbs":false,"_genesis_hide_singular_image":false,"_genesis_hide_footer_widgets":false,"_genesis_custom_body_class":"","_genesis_custom_post_class":"","_genesis_layout":""},"_links":{"self":[{"href":"http:\/\/chaletascensus.com\/fr\/wp-json\/wp\/v2\/pages\/153"}],"collection":[{"href":"http:\/\/chaletascensus.com\/fr\/wp-json\/wp\/v2\/pages"}],"about":[{"href":"http:\/\/chaletascensus.com\/fr\/wp-json\/wp\/v2\/types\/page"}],"author":[{"embeddable":true,"href":"http:\/\/chaletascensus.com\/fr\/wp-json\/wp\/v2\/users\/1"}],"replies":[{"embeddable":true,"href":"http:\/\/chaletascensus.com\/fr\/wp-json\/wp\/v2\/comments?post=153"}],"version-history":[{"count":9,"href":"http:\/\/chaletascensus.com\/fr\/wp-json\/wp\/v2\/pages\/153\/revisions"}],"predecessor-version":[{"id":1230,"href":"http:\/\/chaletascensus.com\/fr\/wp-json\/wp\/v2\/pages\/153\/revisions\/1230"}],"wp:attachment":[{"href":"http:\/\/chaletascensus.com\/fr\/wp-json\/wp\/v2\/media?parent=153"}],"curies":[{"name":"wp","href":"https:\/\/api.w.org\/{rel}","templated":true}]}}