{"id":218,"date":"2013-09-13T10:35:53","date_gmt":"2013-09-13T10:35:53","guid":{"rendered":"http:\/\/www.ascensusski.com\/?page_id=218"},"modified":"2016-09-14T13:38:24","modified_gmt":"2016-09-14T13:38:24","slug":"travel","status":"publish","type":"page","link":"http:\/\/chaletascensus.com\/fr\/travel\/","title":{"rendered":"Comment venir"},"content":{"rendered":"<h3>C&rsquo;est facile!<\/h3>\n<p>Nous sommes situ\u00e9s \u00e0 12 km\u00a0de l&rsquo;autoroute\u00a0A40, 50 minutes de l&rsquo;a\u00e9roport de Gen\u00e8ve, 13 km de la gare de Cluses.<\/p>\n<div style=\"width: 100%;\"><a href=\"\/the-area\/#map\" target=\"_blank\"><img style=\"border: 0px solid grey; width: 70%; float: left;\" src=\"\/wp-content\/uploads\/carroz-map-trans-500px.png\" alt=\"Map showing the location of Chalet Ascensus in Les Carroz, Grand Massif, France, relative to Geneva\" \/><\/a><br \/>\n<img style=\"border: 1px solid grey; width: 29%; float: right;\" src=\"\/wp-content\/uploads\/map-of-europe.gif\" alt=\"Map showing the location of Chalet Ascensus in Les Carroz, Grand Massif, France\" \/><\/div>\n<p class=\"clear\">Les Carroz\u00a0est \u00e0 seulement\u00a02h\u00a0de Lyon\u00a0et 5h\u00a0de Paris.<\/p>\n<h2>Par avion<\/h2>\n<p>A\u00e9roport de Gen\u00e8ve &#8211; 55km<\/p>\n<p>A\u00e9roport de Lyon Saint Exup\u00e9ry &#8211; 200km<\/p>\n<h2>Par le train<\/h2>\n<p>TGV Paris\/Cluses direct le weekend.<\/p>\n<p>TGV Paris\/Annecy<\/p>\n<p>TGV Paris\/Gen\u00e8ve<\/p>\n<h2>Par la route<\/h2>\n<p>Autoroute A40 &#8211; Gen\u00e8ve\/Chamonix \u00e0 12 km de la sortie Cluses No19<\/p>\n","protected":false},"excerpt":{"rendered":"<p>C&rsquo;est facile! Nous sommes situ\u00e9s \u00e0 12 km\u00a0de l&rsquo;autoroute\u00a0A40, 50 minutes de l&rsquo;a\u00e9roport de Gen\u00e8ve, 13 km de la gare de Cluses. Les Carroz\u00a0est \u00e0 seulement\u00a02h\u00a0de Lyon\u00a0et 5h\u00a0de Paris. Par avion A\u00e9roport de Gen\u00e8ve &#8211; 55km A\u00e9roport de Lyon Saint Exup\u00e9ry &#8211; 200km Par le train TGV Paris\/Cluses direct le weekend. TGV Paris\/Annecy TGV Paris\/Gen\u00e8ve [&hellip;]<\/p>\n","protected":false},"author":1,"featured_media":0,"parent":0,"menu_order":0,"comment_status":"open","ping_status":"open","template":"","meta":{"_genesis_hide_title":false,"_genesis_hide_breadcrumbs":false,"_genesis_hide_singular_image":false,"_genesis_hide_footer_widgets":false,"_genesis_custom_body_class":"","_genesis_custom_post_class":"","_genesis_layout":""},"_links":{"self":[{"href":"http:\/\/chaletascensus.com\/fr\/wp-json\/wp\/v2\/pages\/218"}],"collection":[{"href":"http:\/\/chaletascensus.com\/fr\/wp-json\/wp\/v2\/pages"}],"about":[{"href":"http:\/\/chaletascensus.com\/fr\/wp-json\/wp\/v2\/types\/page"}],"author":[{"embeddable":true,"href":"http:\/\/chaletascensus.com\/fr\/wp-json\/wp\/v2\/users\/1"}],"replies":[{"embeddable":true,"href":"http:\/\/chaletascensus.com\/fr\/wp-json\/wp\/v2\/comments?post=218"}],"version-history":[{"count":61,"href":"http:\/\/chaletascensus.com\/fr\/wp-json\/wp\/v2\/pages\/218\/revisions"}],"predecessor-version":[{"id":1210,"href":"http:\/\/chaletascensus.com\/fr\/wp-json\/wp\/v2\/pages\/218\/revisions\/1210"}],"wp:attachment":[{"href":"http:\/\/chaletascensus.com\/fr\/wp-json\/wp\/v2\/media?parent=218"}],"curies":[{"name":"wp","href":"https:\/\/api.w.org\/{rel}","templated":true}]}}