{"id":230,"date":"2013-09-13T11:19:58","date_gmt":"2013-09-13T11:19:58","guid":{"rendered":"http:\/\/www.ascensusski.com\/?page_id=230"},"modified":"2016-09-14T13:50:48","modified_gmt":"2016-09-14T13:50:48","slug":"chalet","status":"publish","type":"page","link":"http:\/\/chaletascensus.com\/fr\/chalet\/","title":{"rendered":"Le Chalet"},"content":{"rendered":"<p>Bienvenu dans notre ferme chalet de 1877 r\u00e9cemment r\u00e9nov\u00e9e et proposant des prestations haut-de-gamme. La propri\u00e9t\u00e9 conserve son caract\u00e8re authentique et son charme tout en offrant modernit\u00e9, confort et luxe. Le chalet est tr\u00e8s spacieux avec une surface habitable de 320 m\u00b2. Il peut recevoir confortablement 16 personnes dans 5 suites familiales flexibles, allant d\u2019une grande et jolie chambre double pour 2 personnes \u00e0 l\u2019appartement spacieux avec mezzanine pour 4\/6 personnes. Toutes les chambres donnent sur les jardins de la propri\u00e9t\u00e9, la for\u00eat et les montagnes du grand massif.<\/p>\n<p><strong>Le Chalet Ascensus<\/strong> est situ\u00e9 \u00e0 seulement 50 minutes de Gen\u00e8ve, dans un charmant petit hameau, \u00e0 quelques minutes en voiture ou en bus de la t\u00e9l\u00e9cabine et du centre des Carroz d\u2019Ar\u00e2ches. Vous y trouverez la tranquillit\u00e9 au bord du petit ruisseau Le Nant et de sa source.<\/p>\n<p>L\u2019h\u00e9bergement spacieux est dispos\u00e9 de la fa\u00e7on suivante\u00a0:<\/p>\n<p><strong>Rez-de-chauss\u00e9e\u00a0:<\/strong> une grande entr\u00e9e (autrefois \u00e9table et mangeoire pour les animaux) m\u00e8ne d\u2019une part \u00e0 un vestiaire et au sauna\/hammam avec salle de douche adjacente et toilettes s\u00e9par\u00e9es et d\u2019autre part \u00e0 une cuisine moderne qui a gard\u00e9, malgr\u00e9 tout, son aspect authentique avec son large vaisselier en bois massif encastr\u00e9 dans un pan de mur. De la cuisine on acc\u00e8de \u00e0 une grande pi\u00e8ce de vie, salon et salle \u00e0 manger, de 45 m\u00b2 avec chemin\u00e9e et bar. Cette pi\u00e8ce a conserv\u00e9 ses poutres, armoires et portes d\u2019origine avec un sol en ch\u00eane. Le salon se prolonge par une salle de jeux\/tv\/biblioth\u00e8que pour petits et grands. Enfin la salle \u00e0 manger s\u2019ouvre sur une grande terrasse expos\u00e9e Sud avec son jacuzzi ext\u00e9rieur.<\/p>\n<p>De l\u2019entr\u00e9e, un escalier lumineux conduit \u00e0 l\u2019\u00e9tage sup\u00e9rieur o\u00f9 se r\u00e9partissent les 5 suites familiales, 3 avec salles de bains et WC priv\u00e9s et 2 avec salles de bains et WC communs.<\/p>\n<p><strong>Suite 1\u00a0:<\/strong> une chambre double avec son escalier s\u00e9par\u00e9 qui m\u00e8ne \u00e0 une mezzanine spacieuse. Salle de bain moderne avec douche, lavabo et toilettes. Vues sur le jardin et la for\u00eat<strong>. 4\/6<\/strong> <strong>couchages<\/strong>.<\/p>\n<p><strong>Suites 2 et 3\u00a0:<\/strong> deux chambres doubles avec une salle de bain commune avec douche, lavabo, toilettes. Vues sur le jardin c\u00f4t\u00e9 Sud. <strong>4 couchages<\/strong>.<\/p>\n<p><strong>Suite 4\u00a0:<\/strong> une chambre spacieuse avec salle de bain moderne comprenant douche, lavabo, toilettes. Vues c\u00f4t\u00e9 Nord et Est sur les montagnes. <strong>2 couchages<\/strong>.<\/p>\n<p><strong>Suite 5\u00a0:<\/strong> un grand appartement de 2 chambres avec mezzanine (90 m\u00b2) disposant d\u2019un grand salon avec poutres d\u2019origine, cuisinette et sol en ch\u00eane. La grande baie vitr\u00e9e donne sur un large balcon expos\u00e9 Est avec une vue superbe sur la for\u00eat de pins, sur le grand massif et ses cabines partant de la t\u00e9l\u00e9cabine des Carroz. La salle de bain comprend une baignoire, un lavabo et une douche. Toilettes s\u00e9par\u00e9es. <strong>4\/6 couchages.<\/strong><\/p>\n<p><strong>La pi\u00e8ce de vie\u00a0:<\/strong><\/p>\n<p>Le grand salon douillet avec ses canap\u00e9s et fauteuils confortables offre une ambiance chaleureuse pr\u00e8s du feu de chemin\u00e9e. La salle \u00e0 manger est lumineuse et sa grande table en ch\u00eane massif apporte \u00e0 chacun l\u2019aisance n\u00e9cessaire. Les baies vitr\u00e9es s\u2019ouvrent sur une grande terrasse id\u00e9ale pour profiter de la beaut\u00e9 des paysages.<\/p>\n<p>Contigu au salon se trouve \u00e9galement une salle de jeux pour les enfants avec biblioth\u00e8que,\u00a0 t\u00e9l\u00e9vision, lecteur DVD. L\u2019ensemble est propice au repos et \u00e0 la d\u00e9tente.<\/p>\n<p>La propri\u00e9t\u00e9 a conserv\u00e9 son aspect authentique gr\u00e2ce \u00e0 la conservation d\u2019un certain nombre d\u2019\u00e9l\u00e9ments d\u2019origine, tels que des poutres, des pierres apparentes et des meubles encastr\u00e9s en ch\u00eane massif. Les r\u00e9novations ont permis d\u2019am\u00e9nager des chambres spacieuses, flexibles\u00a0 confortables, bien isol\u00e9es des bruits ext\u00e9rieurs et \u00e9quip\u00e9es de salles de bain modernes.<\/p>\n<p><strong>Les ext\u00e9rieurs\u00a0:<\/strong><\/p>\n<p>Le Chalet Ascensus est situ\u00e9 dans un environnement calme en bordure d\u2019un ruisseau sur un terrain arbor\u00e9 de 1800 m\u00b2. La terrasse construite tout au long de la fa\u00e7ade permet de profiter de ce cadre magnifique et le jacuzzi \u00e0 proximit\u00e9 apporte bien \u00eatre et relaxation.<\/p>\n<p>La propri\u00e9t\u00e9 dispose d\u2019un abri couvert pour 3 voitures.<\/p>\n<p><strong>Informations compl\u00e9mentaires\u00a0:<\/strong><\/p>\n<p>-Toutes les chambres ont un couchage flexible, avec lits simples de 80 cm ou lits doubles de 160 cm avec matelas bultex et sur-matelas, linge de maison en coton, duvets hypoallerg\u00e9niques\u00a0 et deux oreillers par personne. Dans chaque chambre peignoirs et chaussons sont \u00e0 disposition des adultes, ainsi qu\u2019un panier de bienvenu.<\/p>\n<p>&#8211; le sauna\/hammam (4 personnes) et le jacuzzi ext\u00e9rieur (6 personnes) sont \u00e0 la disposition de tous.<\/p>\n<p>&#8211; sont \u00e9galement disponibles les chaines de t\u00e9l\u00e9vision fran\u00e7aises et anglaises, MP3 player et Wifi dans toutes les pi\u00e8ces.<\/p>\n<p>-possibilit\u00e9 d\u2019un lit b\u00e9b\u00e9, matelas \u00e0 langer, linge et chaise \u00a0en nous le signalant au moment de la r\u00e9servation.<\/p>\n<p>Selon les besoins, nous sommes en mesure \u00e9galement d\u2019organiser une garde d\u2019enfant.<\/p>\n<p>&nbsp;<\/p>\n","protected":false},"excerpt":{"rendered":"<p>Bienvenu dans notre ferme chalet de 1877 r\u00e9cemment r\u00e9nov\u00e9e et proposant des prestations haut-de-gamme. La propri\u00e9t\u00e9 conserve son caract\u00e8re authentique et son charme tout en offrant modernit\u00e9, confort et luxe. Le chalet est tr\u00e8s spacieux avec une surface habitable de 320 m\u00b2. Il peut recevoir confortablement 16 personnes dans 5 suites familiales flexibles, allant d\u2019une [&hellip;]<\/p>\n","protected":false},"author":1,"featured_media":0,"parent":0,"menu_order":0,"comment_status":"open","ping_status":"open","template":"","meta":{"_genesis_hide_title":false,"_genesis_hide_breadcrumbs":false,"_genesis_hide_singular_image":false,"_genesis_hide_footer_widgets":false,"_genesis_custom_body_class":"","_genesis_custom_post_class":"","_genesis_layout":""},"_links":{"self":[{"href":"http:\/\/chaletascensus.com\/fr\/wp-json\/wp\/v2\/pages\/230"}],"collection":[{"href":"http:\/\/chaletascensus.com\/fr\/wp-json\/wp\/v2\/pages"}],"about":[{"href":"http:\/\/chaletascensus.com\/fr\/wp-json\/wp\/v2\/types\/page"}],"author":[{"embeddable":true,"href":"http:\/\/chaletascensus.com\/fr\/wp-json\/wp\/v2\/users\/1"}],"replies":[{"embeddable":true,"href":"http:\/\/chaletascensus.com\/fr\/wp-json\/wp\/v2\/comments?post=230"}],"version-history":[{"count":57,"href":"http:\/\/chaletascensus.com\/fr\/wp-json\/wp\/v2\/pages\/230\/revisions"}],"predecessor-version":[{"id":1221,"href":"http:\/\/chaletascensus.com\/fr\/wp-json\/wp\/v2\/pages\/230\/revisions\/1221"}],"wp:attachment":[{"href":"http:\/\/chaletascensus.com\/fr\/wp-json\/wp\/v2\/media?parent=230"}],"curies":[{"name":"wp","href":"https:\/\/api.w.org\/{rel}","templated":true}]}}