{"id":27,"date":"2013-09-10T15:13:52","date_gmt":"2013-09-10T15:13:52","guid":{"rendered":"http:\/\/www.ascensusski.com\/?page_id=27"},"modified":"2018-02-11T14:39:33","modified_gmt":"2018-02-11T14:39:33","slug":"winter","status":"publish","type":"page","link":"http:\/\/chaletascensus.com\/fr\/winter\/","title":{"rendered":"Hiver"},"content":{"rendered":"<p><img src=\"\/wp-content\/uploads\/skiers.jpg\" alt=\"Les skieurs pr\u00e8s de Les Carroz\" width=\"100%\" \/><\/p>\n<p>Le Grand Massif : des pistes pour tous les niveaux \u00e0 2500 m\u00e8tres d&rsquo;altitude<\/p>\n<p>C&rsquo;est au beau milieu des Alpes, \u00e0 mi-chemin entre Chamonix et Gen\u00e8ve, que le Grand Massif accueille les passionn\u00e9s de sports d&rsquo;hiver sur un domaine skiable de caract\u00e8re et de contrastes.<\/p>\n<p>Le Grand Massif est le 4\u00e8me <b>domaine skiable<\/b> reli\u00e9 skis aux pieds de France.\u00a0Entour\u00e9 de paysages grandioses, le Grand Massif culmine \u00e0 2500 m d&rsquo;altitude et fait face \u00e0 la cha\u00eene du Mont-Blanc, versant fran\u00e7ais, offrant une vision panoramique \u00e0 couper le souffle.<\/p>\n<p><span style=\"font-family: 'Georgia',serif; color: #333333;\">De la piste verte id\u00e9ale pour d\u00e9buter \u00e0 la piste noire r\u00e9serv\u00e9e aux skieurs et snowboarders chevronn\u00e9s, le Grand Massif comble les amateurs de glisse de tous niveaux. <\/span><\/p>\n<div id=\"attachment_261\" style=\"width: 310px\" class=\"wp-caption alignright\"><a href=\"http:\/\/winter.grand-massif.com\/lift-map\" target=\"_blank\" rel=\"noopener\"><img aria-describedby=\"caption-attachment-261\" loading=\"lazy\" class=\"size-medium wp-image-261 \" src=\"http:\/\/chaletascensus.com\/fr\/fr\/wp-content\/uploads\/Grand-Massif-Lift-Map-400-300x198.jpg\" alt=\"Grand Massif Ski Map\" width=\"300\" height=\"198\" srcset=\"http:\/\/chaletascensus.com\/fr\/wp-content\/uploads\/Grand-Massif-Lift-Map-400-300x198.jpg 300w, http:\/\/chaletascensus.com\/fr\/wp-content\/uploads\/Grand-Massif-Lift-Map-400.jpg 400w\" sizes=\"(max-width: 300px) 100vw, 300px\" \/><\/a><p id=\"caption-attachment-261\" class=\"wp-caption-text\">Cliquez pour agrandir<\/p><\/div>\n<ul>\n<li>270+km de pistes<\/li>\n<li>5\u00a0village reli\u00e9s\u00a0(Les Carroz-Flaine-Morillon-Samoens-Sixt)<\/li>\n<li>Sommet \u00e0\u00a02500m d&rsquo;altitude<\/li>\n<li>Plus de 70 remont\u00e9es m\u00e9caniques<\/li>\n<li>148 pistes, dont:\n<ul>\n<li style=\"list-style-type: none;\">\n<ul>\n<li style=\"list-style-type: none;\">\n<ul>\n<li>14 noires<\/li>\n<li>50 rouges<\/li>\n<li>64 bleues<\/li>\n<li>20 Vertes<\/li>\n<\/ul>\n<\/li>\n<\/ul>\n<\/li>\n<\/ul>\n<\/li>\n<li>Plusieurs snow parks et espaces ludiques avec video et Wifi<\/li>\n<\/ul>\n<p>La proximit\u00e9 du Mont-Blanc signifie que le Grand Massif b\u00e9n\u00e9ficie d&rsquo;un der meilleurs enneigements de France.<\/p>\n<div id=\"attachment_133\" style=\"width: 310px\" class=\"wp-caption alignleft\"><img aria-describedby=\"caption-attachment-133\" loading=\"lazy\" class=\"size-medium wp-image-133 \" src=\"http:\/\/chaletascensus.com\/fr\/fr\/wp-content\/uploads\/Les-Cascades-14m-blue-piste-300x225.jpg\" alt=\"Les Cascades 14km blue piste\" width=\"300\" height=\"225\" srcset=\"http:\/\/chaletascensus.com\/fr\/wp-content\/uploads\/Les-Cascades-14m-blue-piste-300x225.jpg 300w, http:\/\/chaletascensus.com\/fr\/wp-content\/uploads\/Les-Cascades-14m-blue-piste.jpg 640w\" sizes=\"(max-width: 300px) 100vw, 300px\" \/><p id=\"caption-attachment-133\" class=\"wp-caption-text\">Piste bleue Les Cascades 14km<\/p><\/div>\n<p>Le domaine accueille la plus longue piste bleue d&rsquo;Europe &#8211; Les Cascades\u00a0longue de\u00a014km &#8211; \u00e0 travers une magnifique r\u00e9serve naturelle, \u00e0 ne pas manquer!<\/p>\n<p>Nous aimons particuli\u00e8rement les grandes forets enneig\u00e9es autours des Carroz, qui lui\u00a0donne une ambiance canadienne, ainsi que la combe de l&rsquo;Airon avec ses grands espaces qui offrent\u00a0des sensations de glisses magnifiques\u00a0sur et en dehors des pistes.\u00a0Il est possible de skier jusqu&rsquo;au village pendant toute la saison.<\/p>\n<p>Il y a bien-s\u00fbr beaucoup d&rsquo;autres activit\u00e9s: ski free ride, Vall\u00e9e Blanche, cascades de glace, ski de fond, parapente, ballades en raquettes, luge, patinage, ballades avec chiens de traineaux, ski de rando sous les \u00e9toiles et l&rsquo;Aquacime, un bassin nordique ext\u00e9rieur chauff\u00e9, bassin int\u00e9rieur, cascades et jets massants, sauna et hammam et espace solarium avec vue panoramique sur le village.<\/p>\n<p><img class=\"alignright\" src=\"\/fr\/wp-content\/uploads\/Les-Carroz-logo-2016.png\" alt=\"les carroz logo\" width=\"200\" \/><\/p>\n<p><img loading=\"lazy\" class=\"size-full wp-image-29 alignleft\" src=\"\/fr\/wp-content\/uploads\/grand-massif-logo.jpg\" alt=\"grand-massif-logo\" width=\"120\" height=\"120\" \/><\/p>\n","protected":false},"excerpt":{"rendered":"<p>Le Grand Massif : des pistes pour tous les niveaux \u00e0 2500 m\u00e8tres d&rsquo;altitude C&rsquo;est au beau milieu des Alpes, \u00e0 mi-chemin entre Chamonix et Gen\u00e8ve, que le Grand Massif accueille les passionn\u00e9s de sports d&rsquo;hiver sur un domaine skiable de caract\u00e8re et de contrastes. Le Grand Massif est le 4\u00e8me domaine skiable reli\u00e9 skis [&hellip;]<\/p>\n","protected":false},"author":1,"featured_media":0,"parent":0,"menu_order":0,"comment_status":"open","ping_status":"open","template":"","meta":{"_genesis_hide_title":false,"_genesis_hide_breadcrumbs":false,"_genesis_hide_singular_image":false,"_genesis_hide_footer_widgets":false,"_genesis_custom_body_class":"","_genesis_custom_post_class":"","_genesis_layout":""},"_links":{"self":[{"href":"http:\/\/chaletascensus.com\/fr\/wp-json\/wp\/v2\/pages\/27"}],"collection":[{"href":"http:\/\/chaletascensus.com\/fr\/wp-json\/wp\/v2\/pages"}],"about":[{"href":"http:\/\/chaletascensus.com\/fr\/wp-json\/wp\/v2\/types\/page"}],"author":[{"embeddable":true,"href":"http:\/\/chaletascensus.com\/fr\/wp-json\/wp\/v2\/users\/1"}],"replies":[{"embeddable":true,"href":"http:\/\/chaletascensus.com\/fr\/wp-json\/wp\/v2\/comments?post=27"}],"version-history":[{"count":55,"href":"http:\/\/chaletascensus.com\/fr\/wp-json\/wp\/v2\/pages\/27\/revisions"}],"predecessor-version":[{"id":1346,"href":"http:\/\/chaletascensus.com\/fr\/wp-json\/wp\/v2\/pages\/27\/revisions\/1346"}],"wp:attachment":[{"href":"http:\/\/chaletascensus.com\/fr\/wp-json\/wp\/v2\/media?parent=27"}],"curies":[{"name":"wp","href":"https:\/\/api.w.org\/{rel}","templated":true}]}}