{"id":35,"date":"2013-09-10T15:17:38","date_gmt":"2013-09-10T15:17:38","guid":{"rendered":"http:\/\/www.ascensusski.com\/?page_id=35"},"modified":"2016-09-14T13:45:58","modified_gmt":"2016-09-14T13:45:58","slug":"summer","status":"publish","type":"page","link":"http:\/\/chaletascensus.com\/fr\/summer\/","title":{"rendered":"\u00c9t\u00e9"},"content":{"rendered":"<p>Bienvenu au Chalet Ascensus en \u00e9t\u00e9! La saison y est toute simplement superbe et les vues \u00e0 vous couper le souffle! Avec 200km de sentiers balis\u00e9s, il y a de quoi trouver son bonheur, avec les sommets enneig\u00e9s du Mont-Blanc jamais tr\u00e8s loin&#8230;<\/p>\n<p>Les Carroz en \u00e9t\u00e9, c&rsquo;est aussi une multitude d&rsquo;activit\u00e9s a choisir parmi:<\/p>\n<ul>\n<li>parapente<\/li>\n<li>canyoning<\/li>\n<li>rafting<\/li>\n<li>escalade<\/li>\n<li>sp\u00e9l\u00e9o<\/li>\n<li>via ferrata<\/li>\n<li>5 pistes de descente VTT de la verte \u00e0 la double noir<\/li>\n<li>golf de 18\u00a0trous \u00e0\u00a01800m d&rsquo;altitude<\/li>\n<li>\u00e9quitation, poney, cani rando, rando \u00e0 dos d&rsquo;\u00e2ne<\/li>\n<li>parcours acrobatique forestier<\/li>\n<li>et aussi: piscine, tennis, tir \u00e0 l&rsquo;arc, aquafitness, beach volley, cours de zumba, parcours sant\u00e9&#8230;<\/li>\n<\/ul>\n<p>Avec sa situation g\u00e9ographique privil\u00e9gi\u00e9e au coeur de la Haute Savoie, Les Carroz sont le camp de base id\u00e9al pour rayonner dans la r\u00e9gion et d\u00e9couvrir les alentours:<\/p>\n<ul>\n<li>Chamonix et ses glaciers<\/li>\n<li>La r\u00e9serve naturelle de Sixt-Fer-A-Cheval et ses nombreuses cascades<\/li>\n<li>Yvoire, petit \u00e9crin medieval au bord du L\u00e9man<\/li>\n<li>Annecy et son lac entre ville et montagne<\/li>\n<li>Gen\u00e8ve et son c\u00e9l\u00e8bre jet d&rsquo;eau<\/li>\n<li>La Suisse, l&rsquo;Italie<\/li>\n<\/ul>\n<p>Les Carroz organisent \u00e9galement de nombreuses activit\u00e9s pour les jeunes et les moins jeunes tout au long de l&rsquo;\u00e9t\u00e9: concerts, soir\u00e9es, boum pour enfants, jeux de soci\u00e9t\u00e9s ou en bois, spectacles, magie, visites culturelles et gastronomiques.<\/p>\n<p>Nous pouvons organiser pour vous toute activit\u00e9 et vous conseiller sur les randonn\u00e9es et les visites en fonction de la dur\u00e9e de votre s\u00e9jour et de vos envies!<\/p>\n<p>&nbsp;<\/p>\n","protected":false},"excerpt":{"rendered":"<p>Bienvenu au Chalet Ascensus en \u00e9t\u00e9! La saison y est toute simplement superbe et les vues \u00e0 vous couper le souffle! Avec 200km de sentiers balis\u00e9s, il y a de quoi trouver son bonheur, avec les sommets enneig\u00e9s du Mont-Blanc jamais tr\u00e8s loin&#8230; Les Carroz en \u00e9t\u00e9, c&rsquo;est aussi une multitude d&rsquo;activit\u00e9s a choisir parmi: [&hellip;]<\/p>\n","protected":false},"author":1,"featured_media":0,"parent":0,"menu_order":0,"comment_status":"open","ping_status":"open","template":"","meta":{"_genesis_hide_title":false,"_genesis_hide_breadcrumbs":false,"_genesis_hide_singular_image":false,"_genesis_hide_footer_widgets":false,"_genesis_custom_body_class":"","_genesis_custom_post_class":"","_genesis_layout":""},"_links":{"self":[{"href":"http:\/\/chaletascensus.com\/fr\/wp-json\/wp\/v2\/pages\/35"}],"collection":[{"href":"http:\/\/chaletascensus.com\/fr\/wp-json\/wp\/v2\/pages"}],"about":[{"href":"http:\/\/chaletascensus.com\/fr\/wp-json\/wp\/v2\/types\/page"}],"author":[{"embeddable":true,"href":"http:\/\/chaletascensus.com\/fr\/wp-json\/wp\/v2\/users\/1"}],"replies":[{"embeddable":true,"href":"http:\/\/chaletascensus.com\/fr\/wp-json\/wp\/v2\/comments?post=35"}],"version-history":[{"count":18,"href":"http:\/\/chaletascensus.com\/fr\/wp-json\/wp\/v2\/pages\/35\/revisions"}],"predecessor-version":[{"id":1229,"href":"http:\/\/chaletascensus.com\/fr\/wp-json\/wp\/v2\/pages\/35\/revisions\/1229"}],"wp:attachment":[{"href":"http:\/\/chaletascensus.com\/fr\/wp-json\/wp\/v2\/media?parent=35"}],"curies":[{"name":"wp","href":"https:\/\/api.w.org\/{rel}","templated":true}]}}