{"id":38,"date":"2013-09-10T15:19:27","date_gmt":"2013-09-10T15:19:27","guid":{"rendered":"http:\/\/www.ascensusski.com\/?page_id=38"},"modified":"2016-09-14T13:39:30","modified_gmt":"2016-09-14T13:39:30","slug":"food","status":"publish","type":"page","link":"http:\/\/chaletascensus.com\/fr\/food\/","title":{"rendered":"Cuisine"},"content":{"rendered":"<p style=\"text-align: left;\">Nous pr\u00e9parons les petits d\u00e9jeuners, gouters au retour des activit\u00e9s et les diners (6 soirs par semaine) accompagn\u00e9s de vins, bi\u00e8res et autres boissons. Notre cuisine traditionnelle est pr\u00e9par\u00e9e avec des produits frais suivant les saisons et des ingr\u00e9dients locaux si possibles.<\/p>\n<h3>Petit d\u00e9jeuner<\/h3>\n<p>Croissants chauds, pains au chocolat, baguettes, c\u00e9r\u00e9ales, toasts et confitures, oeufs.<br \/>\nJus de fruits, s\u00e9lection de th\u00e9s, caf\u00e9 et chocolat chaud.<\/p>\n<h3>Gouter<\/h3>\n<p>D\u00e9licieux gateaux ou cookies faits maison, servis avec th\u00e9, caf\u00e9 et chocolat chaud.<\/p>\n<h3>Diner enfant<\/h3>\n<p>Nous pr\u00e9parons des diners adapt\u00e9s aux enfants et servis \u00e0 partir de 18h.<br \/>\nExample &#8211; hachis parmentier et\u00a0l\u00e9gumes verts, suivi d&rsquo;une tarte aux pommes et boule de glace vanille.<\/p>\n<h3>Diner<\/h3>\n<p>Le diner est compos\u00e9e d&rsquo;une entr\u00e9e, un plat principal et un dessert, 6 soirs par semaine, et accompagn\u00e9 de vins et bi\u00e8res.<\/p>\n<p>Example\u00a0&#8211; tarte aux oignons caram\u00e9lis\u00e9s servi avec roquette et r\u00e9duction de vinaigre balsamic, suivi d&rsquo;un boeuf bourguignon accompagn\u00e9 de pur\u00e9e de pomme de terre et l\u00e9gumes. Dessert: tarte au chocolat et fruits rouges d&rsquo;automne.<\/p>\n<p><strong>Nous vous remercions de nous indiquer au moment de votre r\u00e9servation si vous avez des pr\u00e9f\u00e9rences, y compris v\u00e9g\u00e9tarien ou sans gluten.<\/strong><\/p>\n<p><em>Pendant notre soir de repos, en g\u00e9n\u00e9ral le mardi, nous pouvons vous r\u00e9server un restaurant ou commander des pizzas si vous souhaitez rester au chalet, au chaud devant la chemin\u00e9e! <\/em><\/p>\n<p><a href=\"http:\/\/chaletascensus.com\/fr\/wp-content\/uploads\/DSCN4758.jpg\"><img loading=\"lazy\" class=\"aligncenter size-medium wp-image-630\" src=\"http:\/\/chaletascensus.com\/fr\/wp-content\/uploads\/DSCN4758-300x225.jpg\" alt=\"DSCN4758\" width=\"300\" height=\"225\" \/><\/a><\/p>\n","protected":false},"excerpt":{"rendered":"<p>Nous pr\u00e9parons les petits d\u00e9jeuners, gouters au retour des activit\u00e9s et les diners (6 soirs par semaine) accompagn\u00e9s de vins, bi\u00e8res et autres boissons. Notre cuisine traditionnelle est pr\u00e9par\u00e9e avec des produits frais suivant les saisons et des ingr\u00e9dients locaux si possibles. Petit d\u00e9jeuner Croissants chauds, pains au chocolat, baguettes, c\u00e9r\u00e9ales, toasts et confitures, oeufs. [&hellip;]<\/p>\n","protected":false},"author":1,"featured_media":0,"parent":0,"menu_order":0,"comment_status":"open","ping_status":"open","template":"","meta":{"_genesis_hide_title":false,"_genesis_hide_breadcrumbs":false,"_genesis_hide_singular_image":false,"_genesis_hide_footer_widgets":false,"_genesis_custom_body_class":"","_genesis_custom_post_class":"","_genesis_layout":""},"_links":{"self":[{"href":"http:\/\/chaletascensus.com\/fr\/wp-json\/wp\/v2\/pages\/38"}],"collection":[{"href":"http:\/\/chaletascensus.com\/fr\/wp-json\/wp\/v2\/pages"}],"about":[{"href":"http:\/\/chaletascensus.com\/fr\/wp-json\/wp\/v2\/types\/page"}],"author":[{"embeddable":true,"href":"http:\/\/chaletascensus.com\/fr\/wp-json\/wp\/v2\/users\/1"}],"replies":[{"embeddable":true,"href":"http:\/\/chaletascensus.com\/fr\/wp-json\/wp\/v2\/comments?post=38"}],"version-history":[{"count":35,"href":"http:\/\/chaletascensus.com\/fr\/wp-json\/wp\/v2\/pages\/38\/revisions"}],"predecessor-version":[{"id":1237,"href":"http:\/\/chaletascensus.com\/fr\/wp-json\/wp\/v2\/pages\/38\/revisions\/1237"}],"wp:attachment":[{"href":"http:\/\/chaletascensus.com\/fr\/wp-json\/wp\/v2\/media?parent=38"}],"curies":[{"name":"wp","href":"https:\/\/api.w.org\/{rel}","templated":true}]}}