{"id":43,"date":"2013-09-10T16:18:34","date_gmt":"2013-09-10T16:18:34","guid":{"rendered":"http:\/\/www.ascensusski.com\/?page_id=43"},"modified":"2026-04-15T09:09:48","modified_gmt":"2026-04-15T09:09:48","slug":"availability-prices","status":"publish","type":"page","link":"http:\/\/chaletascensus.com\/fr\/availability-prices\/","title":{"rendered":"Tarifs hiver"},"content":{"rendered":"<p>Les r\u00e9servations se font du Samedi au Samedi, sauf pour les courts s\u00e9jours.<\/p>\n<p><!--TABLE CONTAINING PRICES AND DATES GOES BELOW HERE--><\/p>\n<p><!--TABLE CONTAINING PRICES AND DATES GOES ABOVE HERE--><\/p>\n<table border=\"1\" cellspacing=\"0\" cellpadding=\"2\">\n<tbody>\n<tr class=\"tabletitle\">\n<td width=\"25%\">\n<p align=\"center\">Hiver 2026\/27<\/p>\n<\/td>\n<td width=\"25%\">\n<p align=\"center\">Chalet<\/p>\n<p align=\"center\">(maximum 16 personnes)<\/p>\n<\/td>\n<td width=\"25%\">\n<p align=\"center\">Suites 1, 2, 3\u00a0et 4<\/p>\n<p align=\"center\">(prix\u00a0par personne\u00a0en occupation double)<\/p>\n<\/td>\n<td width=\"25%\">\n<p align=\"center\">Appartement 2 chambres avec salon priv\u00e9<\/p>\n<p align=\"center\">(prix par personne)<\/p>\n<\/td>\n<\/tr>\n<tr class=\"tablemonth\">\n<td>D\u00e9cembre<\/td>\n<td><\/td>\n<td><\/td>\n<td><\/td>\n<\/tr>\n<tr class=\"tableweek\">\n<td>D\u00e9c 05 &#8211; 12<\/td>\n<td style=\"text-align: center;\">Sur demande<\/td>\n<td style=\"text-align: center;\">Sur demande<\/td>\n<td style=\"text-align: center;\">Sur demande<\/td>\n<\/tr>\n<tr class=\"tableweek\">\n<td>D\u00e9c 12 &#8211; 19<\/td>\n<td style=\"text-align: center;\">Sur demande<\/td>\n<td style=\"text-align: center;\">Sur demande<\/td>\n<td style=\"text-align: center;\">Sur demande<\/td>\n<\/tr>\n<tr class=\"tableweek\">\n<td>Semaine de No\u00ebl<\/td>\n<td style=\"text-align: center;\">14,000<\/td>\n<td style=\"text-align: center;\">Sur demande<\/td>\n<td style=\"text-align: center;\">Sur demande<\/td>\n<\/tr>\n<tr class=\"tablemonth\">\n<td>Fin D\u00e9cembre &#8211; Janvier<\/td>\n<td><\/td>\n<td><\/td>\n<td><\/td>\n<\/tr>\n<tr class=\"tableweek\">\n<td>Semaine du Nouvel An<\/td>\n<td style=\"text-align: center;\">Complet<\/td>\n<td style=\"text-align: center;\">Complet<\/td>\n<td style=\"text-align: center;\">Complet<\/td>\n<\/tr>\n<tr class=\"tableweek\">\n<td>Jan 04 &#8211; 09 (5 nuits)<\/td>\n<td style=\"text-align: center;\">8,000<\/td>\n<td style=\"text-align: center;\">650<\/td>\n<td style=\"text-align: center;\">700<\/td>\n<\/tr>\n<tr class=\"tableweek\">\n<td>Jan 09 &#8211; 16<\/td>\n<td style=\"text-align: center;\">11,000<\/td>\n<td style=\"text-align: center;\">875<\/td>\n<td style=\"text-align: center;\">950<\/td>\n<\/tr>\n<tr class=\"tableweek\">\n<td>Jan 16 &#8211; 23<\/td>\n<td style=\"text-align: center;\">11,000<\/td>\n<td style=\"text-align: center;\">875<\/td>\n<td style=\"text-align: center;\">950<\/td>\n<\/tr>\n<tr class=\"tableweek\">\n<td>Jan 23 &#8211; 30<\/td>\n<td style=\"text-align: center;\">11,000<\/td>\n<td style=\"text-align: center;\">875<\/td>\n<td style=\"text-align: center;\">950<\/td>\n<\/tr>\n<tr class=\"tablemonth\">\n<td>Fin Janvier &#8211; F\u00e9vrier<\/td>\n<td><\/td>\n<td><\/td>\n<td><\/td>\n<\/tr>\n<tr class=\"tableweek\">\n<td>Jan 30 &#8211; F\u00e9v 06<\/td>\n<td style=\"text-align: center;\">12,000<\/td>\n<td style=\"text-align: center;\">925<\/td>\n<td style=\"text-align: center;\">1,000<\/td>\n<\/tr>\n<tr class=\"tableweek\">\n<td>F\u00e9v 06 &#8211; 13<\/td>\n<td style=\"text-align: center;\">12,000<\/td>\n<td style=\"text-align: center;\">925<\/td>\n<td style=\"text-align: center;\">1,000<\/td>\n<\/tr>\n<tr class=\"tableweek\">\n<td>F\u00e9v 13 &#8211; 20<\/td>\n<td style=\"text-align: center;\">16,000<\/td>\n<td style=\"text-align: center;\">Sur demande<\/td>\n<td style=\"text-align: center;\">Sur demande<\/td>\n<\/tr>\n<tr class=\"tableweek\">\n<td>F\u00e9v 20 &#8211; 27<\/td>\n<td style=\"text-align: center;\">12,000<\/td>\n<td style=\"text-align: center;\">925<\/td>\n<td style=\"text-align: center;\">1,000<\/td>\n<\/tr>\n<tr class=\"tablemonth\">\n<td>Fin F\u00e9vrier &#8211; Mars<\/td>\n<td><\/td>\n<td><\/td>\n<td><\/td>\n<\/tr>\n<tr class=\"tableweek\">\n<td>F\u00e9v 27 &#8211; Mar 06<\/td>\n<td style=\"text-align: center;\">12,000<\/td>\n<td style=\"text-align: center;\">925<\/td>\n<td style=\"text-align: center;\">1,000<\/td>\n<\/tr>\n<tr class=\"tableweek\">\n<td>Mar 06 &#8211; 13<\/td>\n<td style=\"text-align: center;\">Quelques dispos<\/td>\n<td style=\"text-align: center;\">925<\/td>\n<td style=\"text-align: center;\">Complet<\/td>\n<\/tr>\n<tr class=\"tableweek\">\n<td>Mar 13 &#8211; 20<\/td>\n<td style=\"text-align: center;\">Quelques dispos<\/td>\n<td style=\"text-align: center;\">925<\/td>\n<td style=\"text-align: center;\">1,000<\/td>\n<\/tr>\n<tr class=\"tableweek\">\n<td>Mar 20 &#8211; 27<\/td>\n<td style=\"text-align: center;\">11,000<\/td>\n<td style=\"text-align: center;\">875<\/td>\n<td style=\"text-align: center;\">950<\/td>\n<\/tr>\n<tr class=\"tablemonth\">\n<td><strong>Fin Mars &#8211; Avril<\/strong><\/td>\n<td style=\"text-align: center;\"><\/td>\n<td style=\"text-align: center;\"><\/td>\n<td style=\"text-align: center;\"><\/td>\n<\/tr>\n<tr class=\"tableweek\">\n<td>Mar 27 &#8211; Avr 03<\/td>\n<td style=\"text-align: center;\">11,000<\/td>\n<td style=\"text-align: center;\">875<\/td>\n<td style=\"text-align: center;\">950<\/td>\n<\/tr>\n<tr class=\"tableweek\">\n<td>Avr 03 &#8211; 10<\/td>\n<td style=\"text-align: center;\">10,000<\/td>\n<td style=\"text-align: center;\">850<\/td>\n<td style=\"text-align: center;\">925<\/td>\n<\/tr>\n<tr class=\"tableweek\">\n<td>Avr 10 &#8211; 17<\/td>\n<td style=\"text-align: center;\">10,000<\/td>\n<td style=\"text-align: center;\">850<\/td>\n<td style=\"text-align: center;\">925<\/td>\n<\/tr>\n<\/tbody>\n<\/table>\n<h3><\/h3>\n<p>R\u00e9duction pour les enfants de moins de 12 ans: 20% (pour les r\u00e9servations par chambre)<\/p>\n<p>Suppl\u00e9ment en occupation simple: 50% (pour les r\u00e9servations par chambre)<\/p>\n<h3>Inclus:<\/h3>\n<ul>\n<li>S\u00e9jour de 7 nuit\u00e9es\u00a0en Euros (TVA incluse)<\/li>\n<li>Petit d\u00e9jeuner<\/li>\n<li>Gout\u00e9 avec\u00a0patisserie maison<\/li>\n<li>Diner servi avec vins, bi\u00e8res et autres boissons (6 soir\u00e9es)<\/li>\n<li>Linge de maison, peignoirs et chaussons<\/li>\n<li>Wifi, sauna\/hammam\u00a0et jacuzzi<\/li>\n<li>Casiers \u00e0 ski priv\u00e9s et chauff\u00e9s \u00e0 la t\u00e9l\u00e9cabine<\/li>\n<li>Transport sur les pistes et au village<\/li>\n<\/ul>\n<h3>Nous pouvons vous arranger les services suivants avant votre arriv\u00e9e:<\/h3>\n<ul>\n<li>Transferts de l&rsquo;a\u00e9roport au\u00a0chalet<\/li>\n<li>R\u00e9ductions sur la location des skis<\/li>\n<li>Forfaits<\/li>\n<li>Cours priv\u00e9s ou collectifs ski ou snowboard<\/li>\n<li>Babysitting<\/li>\n<li>Massage<\/li>\n<li>Autres activit\u00e9s<\/li>\n<\/ul>\n<p>Nous pouvons \u00e9galement vous accueillir pour des courts s\u00e9jours \u00e0 partir de 150 euros par personne par nuit\u00e9e. Merci de nous contacter pour toute information sur les <a title=\"Short Ski Breaks in Les Carroz\" href=\"\/fr\/short-ski-breaks\/\">courts s\u00e9jours<\/a>.<\/p>\n<p>Prenez connaissance de nos\u00a0<a title=\"T&amp;Cs\" href=\"\/fr\/terms\/\">Conditions G\u00e9n\u00e9rales<\/a><\/p>\n","protected":false},"excerpt":{"rendered":"<p>Les r\u00e9servations se font du Samedi au Samedi, sauf pour les courts s\u00e9jours. Hiver 2026\/27 Chalet (maximum 16 personnes) Suites 1, 2, 3\u00a0et 4 (prix\u00a0par personne\u00a0en occupation double) Appartement 2 chambres avec salon priv\u00e9 (prix par personne) D\u00e9cembre D\u00e9c 05 &#8211; 12 Sur demande Sur demande Sur demande D\u00e9c 12 &#8211; 19 Sur demande Sur [&hellip;]<\/p>\n","protected":false},"author":1,"featured_media":0,"parent":0,"menu_order":0,"comment_status":"closed","ping_status":"closed","template":"","meta":{"_genesis_hide_title":false,"_genesis_hide_breadcrumbs":false,"_genesis_hide_singular_image":false,"_genesis_hide_footer_widgets":false,"_genesis_custom_body_class":"","_genesis_custom_post_class":"","_genesis_layout":""},"_links":{"self":[{"href":"http:\/\/chaletascensus.com\/fr\/wp-json\/wp\/v2\/pages\/43"}],"collection":[{"href":"http:\/\/chaletascensus.com\/fr\/wp-json\/wp\/v2\/pages"}],"about":[{"href":"http:\/\/chaletascensus.com\/fr\/wp-json\/wp\/v2\/types\/page"}],"author":[{"embeddable":true,"href":"http:\/\/chaletascensus.com\/fr\/wp-json\/wp\/v2\/users\/1"}],"replies":[{"embeddable":true,"href":"http:\/\/chaletascensus.com\/fr\/wp-json\/wp\/v2\/comments?post=43"}],"version-history":[{"count":244,"href":"http:\/\/chaletascensus.com\/fr\/wp-json\/wp\/v2\/pages\/43\/revisions"}],"predecessor-version":[{"id":161430,"href":"http:\/\/chaletascensus.com\/fr\/wp-json\/wp\/v2\/pages\/43\/revisions\/161430"}],"wp:attachment":[{"href":"http:\/\/chaletascensus.com\/fr\/wp-json\/wp\/v2\/media?parent=43"}],"curies":[{"name":"wp","href":"https:\/\/api.w.org\/{rel}","templated":true}]}}