{"id":486,"date":"2013-09-16T12:30:26","date_gmt":"2013-09-16T12:30:26","guid":{"rendered":"http:\/\/www.ascensusski.com\/?page_id=486"},"modified":"2016-09-14T13:45:15","modified_gmt":"2016-09-14T13:45:15","slug":"short-ski-breaks","status":"publish","type":"page","link":"http:\/\/chaletascensus.com\/fr\/short-ski-breaks\/","title":{"rendered":"Courts s\u00e9jours aux Carroz"},"content":{"rendered":"<h3>Court s\u00e9jour, en semaine ou en weekend<\/h3>\n<p>Situ\u00e9 \u00e0 seulement 50 minutes de l&rsquo;a\u00e9roport de Gen\u00e8ve, 15 minutes de l&rsquo;autoroute A40 et 15 minutes de la gare de Cluses,\u00a0notre chalet aux <strong>Carroz<\/strong>\u00a0vous donne acc\u00e8s\u00a0au domaine\u00a0skiable du <strong>Grand Massif<\/strong>\u00a0&#8211; un des plus grands de France!<\/p>\n<p><img class=\"alignright\" src=\"http:\/\/chaletascensus.com\/fr\/wp-content\/uploads\/carroz-map-trans-500px.png\" alt=\"Perfect for short ski breaks. A map showing the location of Chalet Le Palane France near Geneva - prefect for ski weekends\" width=\"55%\" \/><\/p>\n<h3>Id\u00e9al pour un break au ski en semaine ou en weekend<\/h3>\n<p>Le chalet est disponible avec services h\u00f4teliers pour vous donner tout le temps de profiter de votre court s\u00e9jour. Nous pouvons m\u00eame nous occuper de r\u00e9server vos transferts de l\u2019a\u00e9roport, vos forfaits, \u00e9quipements de ski\/snowboard et cours de ski\u00a0!<\/p>\n<p>Appr\u00e9ciez notre excellente cuisine, reposez-vous dans une ambiance chaleureuse et profitez d\u2019un domaine skiable tr\u00e8s enneig\u00e9.<\/p>\n<ul>\n<li>H\u00e9bergement haut-de-gamme<\/li>\n<li>Au coeur du Grand Massif<\/li>\n<li>Access facile \u00e0 la t\u00e9l\u00e9cabine des Carroz<\/li>\n<li>16 couchages<\/li>\n<li>4 suites, 1 appartement<\/li>\n<li>Balcon &amp; vues splendides<\/li>\n<li>Pi\u00e8ce de vie avec chemin\u00e9e et bar<\/li>\n<li>Wifi, sauna\/hammam et jacuzzi gratuit<\/li>\n<li>Id\u00e9al pour un court s\u00e9jour<\/li>\n<li>Plus\u00a0convivial qu&rsquo;un appartement ou un h\u00f4tel<\/li>\n<\/ul>\n<p>Chalet Ascensus est une ferme chalet savoyarde, id\u00e9al pour quelques jours au ski.<\/p>\n<p><a title=\"Contact us\" href=\"\/fr\/contact-us\/\">Nous contacter<\/a>\u00a0pour nous demander les tarifs en court s\u00e9jour.<\/p>\n<p><a title=\"Chalet\" href=\"\/fr\/chalet\/\">Information sur notre chalet<\/a><\/p>\n<p><a title=\"The Area\" href=\"\/fr\/the-area\/\">Information sur le village<\/a><\/p>\n<p><a title=\"Winter\" href=\"\/fr\/winter\/\">Information sur le domaine skiable et activit\u00e9s d&rsquo;hiver<\/a><\/p>\n<p>Pour un s\u00e9jour d&rsquo;une semaine ou plus, consultez les tarifs sur la page <a title=\"Availability &amp; Prices\" href=\"\/fr\/availability-prices\/\">tarifs et disponibilit\u00e9s<\/a>.<\/p>\n","protected":false},"excerpt":{"rendered":"<p>Court s\u00e9jour, en semaine ou en weekend Situ\u00e9 \u00e0 seulement 50 minutes de l&rsquo;a\u00e9roport de Gen\u00e8ve, 15 minutes de l&rsquo;autoroute A40 et 15 minutes de la gare de Cluses,\u00a0notre chalet aux Carroz\u00a0vous donne acc\u00e8s\u00a0au domaine\u00a0skiable du Grand Massif\u00a0&#8211; un des plus grands de France! Id\u00e9al pour un break au ski en semaine ou en weekend [&hellip;]<\/p>\n","protected":false},"author":1,"featured_media":0,"parent":0,"menu_order":0,"comment_status":"open","ping_status":"open","template":"","meta":{"_genesis_hide_title":false,"_genesis_hide_breadcrumbs":false,"_genesis_hide_singular_image":false,"_genesis_hide_footer_widgets":false,"_genesis_custom_body_class":"","_genesis_custom_post_class":"","_genesis_layout":""},"_links":{"self":[{"href":"http:\/\/chaletascensus.com\/fr\/wp-json\/wp\/v2\/pages\/486"}],"collection":[{"href":"http:\/\/chaletascensus.com\/fr\/wp-json\/wp\/v2\/pages"}],"about":[{"href":"http:\/\/chaletascensus.com\/fr\/wp-json\/wp\/v2\/types\/page"}],"author":[{"embeddable":true,"href":"http:\/\/chaletascensus.com\/fr\/wp-json\/wp\/v2\/users\/1"}],"replies":[{"embeddable":true,"href":"http:\/\/chaletascensus.com\/fr\/wp-json\/wp\/v2\/comments?post=486"}],"version-history":[{"count":33,"href":"http:\/\/chaletascensus.com\/fr\/wp-json\/wp\/v2\/pages\/486\/revisions"}],"predecessor-version":[{"id":489,"href":"http:\/\/chaletascensus.com\/fr\/wp-json\/wp\/v2\/pages\/486\/revisions\/489"}],"wp:attachment":[{"href":"http:\/\/chaletascensus.com\/fr\/wp-json\/wp\/v2\/media?parent=486"}],"curies":[{"name":"wp","href":"https:\/\/api.w.org\/{rel}","templated":true}]}}