{"id":704,"date":"2014-05-22T20:38:32","date_gmt":"2014-05-22T20:38:32","guid":{"rendered":"http:\/\/www.ascensusski.com\/?page_id=704"},"modified":"2026-04-15T09:12:06","modified_gmt":"2026-04-15T09:12:06","slug":"summer-prices","status":"publish","type":"page","link":"http:\/\/chaletascensus.com\/fr\/summer-prices\/","title":{"rendered":"Tarifs \u00e9t\u00e9"},"content":{"rendered":"<h2>Tarifs \u00e9t\u00e9 2025<\/h2>\n<table class=\"tg\">\n<tbody>\n<tr>\n<th class=\"tg-w7km\">Par Nuit\u00e9e<\/th>\n<th class=\"tg-prt0\">Demi-Pension<\/th>\n<th class=\"tg-prt0\">B&amp;B<\/th>\n<\/tr>\n<tr>\n<td class=\"tg-v88f\">Saison haute<\/td>\n<td class=\"tg-q3zh\">\u00a0\u00a0\u00a0\u00a0 \u20ac125<\/td>\n<td class=\"tg-q3zh\">\u20ac90<\/td>\n<\/tr>\n<tr>\n<td class=\"tg-v88f\">Saison basse<\/td>\n<td class=\"tg-q3zh\">\u00a0\u00a0\u00a0\u00a0 \u20ac110<\/td>\n<td class=\"tg-q3zh\">\u20ac75<\/td>\n<\/tr>\n<\/tbody>\n<\/table>\n<p><em>\u00a0Dur\u00e9e du s\u00e9jour: 3 nuits minimum, prix par personne par nuit\u00e9e en occupation double<\/em><\/p>\n<table class=\"tg\">\n<tbody>\n<tr>\n<th class=\"tg-w7km\">Par Semaine<\/th>\n<th class=\"tg-prt0\">Demi-Pension<\/th>\n<th class=\"tg-prt0\">B&amp;B<\/th>\n<\/tr>\n<tr>\n<td class=\"tg-v88f\">Saison haute<\/td>\n<td class=\"tg-q3zh\">\u00a0\u00a0\u00a0 \u20ac750<\/td>\n<td class=\"tg-q3zh\">\u20ac540<\/td>\n<\/tr>\n<tr>\n<td class=\"tg-v88f\">Saison basse<\/td>\n<td class=\"tg-q3zh\">\u00a0\u00a0\u00a0 \u20ac660<\/td>\n<td class=\"tg-q3zh\">\u20ac450<\/td>\n<\/tr>\n<\/tbody>\n<\/table>\n<p><em>Prix par personne par semaine<\/em><br \/>\n<em>Suppl\u00e9ment +50% en occupation simple<\/em><br \/>\n<em> R\u00e9duction -20% sur une base demi-pension pour les enfants de moins de 12 ans<\/em><\/p>\n<table class=\"tgpf\">\n<tbody>\n<tr>\n<th class=\"tg-w7km\">Chalet<\/th>\n<th class=\"tg-prt0\">Demi-Pension<\/th>\n<th class=\"tg-prt0\">B&amp;B<\/th>\n<th class=\"tg-prt0\">Location Simple<\/th>\n<\/tr>\n<tr>\n<td class=\"tg-v88f\">Saison haute<\/td>\n<td class=\"tg-q3zh\">\u00a0\u00a0 Sur demande<\/td>\n<td class=\"tg-q3zh\">Sur demande<\/td>\n<td class=\"tg-q3zh\">\u00a0\u00a0 Sur demande<\/td>\n<\/tr>\n<tr>\n<td class=\"tg-v88f\">Saison basse<\/td>\n<td class=\"tg-q3zh\">\u00a0\u00a0 Sur demande<\/td>\n<td class=\"tg-q3zh\">Sur demande<\/td>\n<td class=\"tg-q3zh\">\u00a0\u00a0 Sur demande<\/td>\n<\/tr>\n<\/tbody>\n<\/table>\n<p><em>Jusqu&rsquo;\u00e0 16 personnes<\/em><\/p>\n<p><u>Saison haute<\/u>: 4 Juillet &#8211; 29 Aout<\/p>\n<p>Demi-pension:\u00a0Petit d\u00e9jeuner\u00a0+\u00a0gouter + diner +\u00a0vin \/ bi\u00e8re\u00a0au moment du\u00a0diner<br \/>\nB&amp;B: Petit d\u00e9jeuner<\/p>\n<p>Linge de maison, peignoirs et chaussons sont inclus<br \/>\nUn panier de bienvenu est\u00a0inclus pour tout s\u00e9jour de 3 nuits et plus!<\/p>\n","protected":false},"excerpt":{"rendered":"<p>Tarifs \u00e9t\u00e9 2025 Par Nuit\u00e9e Demi-Pension B&amp;B Saison haute \u00a0\u00a0\u00a0\u00a0 \u20ac125 \u20ac90 Saison basse \u00a0\u00a0\u00a0\u00a0 \u20ac110 \u20ac75 \u00a0Dur\u00e9e du s\u00e9jour: 3 nuits minimum, prix par personne par nuit\u00e9e en occupation double Par Semaine Demi-Pension B&amp;B Saison haute \u00a0\u00a0\u00a0 \u20ac750 \u20ac540 Saison basse \u00a0\u00a0\u00a0 \u20ac660 \u20ac450 Prix par personne par semaine Suppl\u00e9ment +50% en occupation simple [&hellip;]<\/p>\n","protected":false},"author":1,"featured_media":0,"parent":0,"menu_order":0,"comment_status":"open","ping_status":"open","template":"","meta":{"_genesis_hide_title":false,"_genesis_hide_breadcrumbs":false,"_genesis_hide_singular_image":false,"_genesis_hide_footer_widgets":false,"_genesis_custom_body_class":"","_genesis_custom_post_class":"","_genesis_layout":""},"_links":{"self":[{"href":"http:\/\/chaletascensus.com\/fr\/wp-json\/wp\/v2\/pages\/704"}],"collection":[{"href":"http:\/\/chaletascensus.com\/fr\/wp-json\/wp\/v2\/pages"}],"about":[{"href":"http:\/\/chaletascensus.com\/fr\/wp-json\/wp\/v2\/types\/page"}],"author":[{"embeddable":true,"href":"http:\/\/chaletascensus.com\/fr\/wp-json\/wp\/v2\/users\/1"}],"replies":[{"embeddable":true,"href":"http:\/\/chaletascensus.com\/fr\/wp-json\/wp\/v2\/comments?post=704"}],"version-history":[{"count":34,"href":"http:\/\/chaletascensus.com\/fr\/wp-json\/wp\/v2\/pages\/704\/revisions"}],"predecessor-version":[{"id":161432,"href":"http:\/\/chaletascensus.com\/fr\/wp-json\/wp\/v2\/pages\/704\/revisions\/161432"}],"wp:attachment":[{"href":"http:\/\/chaletascensus.com\/fr\/wp-json\/wp\/v2\/media?parent=704"}],"curies":[{"name":"wp","href":"https:\/\/api.w.org\/{rel}","templated":true}]}}