{"id":85,"date":"2013-09-11T15:28:04","date_gmt":"2013-09-11T15:28:04","guid":{"rendered":"http:\/\/www.ascensusski.com\/?page_id=85"},"modified":"2016-09-14T13:33:55","modified_gmt":"2016-09-14T13:33:55","slug":"forecast","status":"publish","type":"page","link":"http:\/\/chaletascensus.com\/fr\/forecast\/","title":{"rendered":"Bulletin m\u00e9t\u00e9o et neige"},"content":{"rendered":"<h3>M\u00e9t\u00e9o &#8211; Les Carroz<\/h3>\n\n\n<div class=\"wu-wrapper wu-table-vertical wp_wunderground\">\n\n\t\n\n\n\t\n\n\t\n\t\tThe location could not be found.\n\n\t\n<\/div>\n\n\n<p>&nbsp;<\/p>\n<h3>Bulletin Neige<\/h3>\n<p>Pour consulter le bulletin neige et pistes, cliquez sur le lien <a title=\"Les Carroz bulletin from skiplan\" href=\"http:\/\/www.skiplan.pro\/web\/bulletin\/bulletin.php?station=les-carroz&amp;region=alpes&amp;pays=france&amp;lang=en&amp;stationformate=les-carroz\" target=\"_blank\">site web pistes<\/a><\/p>\n<p>Pour toute autre information sur le domaine et le village, cliquez sur le lien <a title=\"Les Carroz website\" href=\"http:\/\/www.lescarroz.com\/\" target=\"_blank\">office de tourisme<\/a>.<\/p>\n<p><a href=\"http:\/\/www.lescarroz.com\">\u00a0<\/a><\/p>\n<p>&nbsp;<\/p>\n<p>&nbsp;<\/p>\n","protected":false},"excerpt":{"rendered":"<p>M\u00e9t\u00e9o &#8211; Les Carroz &nbsp; Bulletin Neige Pour consulter le bulletin neige et pistes, cliquez sur le lien site web pistes Pour toute autre information sur le domaine et le village, cliquez sur le lien office de tourisme. \u00a0 &nbsp; &nbsp;<\/p>\n","protected":false},"author":1,"featured_media":0,"parent":0,"menu_order":0,"comment_status":"open","ping_status":"closed","template":"","meta":{"_genesis_hide_title":false,"_genesis_hide_breadcrumbs":false,"_genesis_hide_singular_image":false,"_genesis_hide_footer_widgets":false,"_genesis_custom_body_class":"","_genesis_custom_post_class":"","_genesis_layout":""},"_links":{"self":[{"href":"http:\/\/chaletascensus.com\/fr\/wp-json\/wp\/v2\/pages\/85"}],"collection":[{"href":"http:\/\/chaletascensus.com\/fr\/wp-json\/wp\/v2\/pages"}],"about":[{"href":"http:\/\/chaletascensus.com\/fr\/wp-json\/wp\/v2\/types\/page"}],"author":[{"embeddable":true,"href":"http:\/\/chaletascensus.com\/fr\/wp-json\/wp\/v2\/users\/1"}],"replies":[{"embeddable":true,"href":"http:\/\/chaletascensus.com\/fr\/wp-json\/wp\/v2\/comments?post=85"}],"version-history":[{"count":26,"href":"http:\/\/chaletascensus.com\/fr\/wp-json\/wp\/v2\/pages\/85\/revisions"}],"predecessor-version":[{"id":1256,"href":"http:\/\/chaletascensus.com\/fr\/wp-json\/wp\/v2\/pages\/85\/revisions\/1256"}],"wp:attachment":[{"href":"http:\/\/chaletascensus.com\/fr\/wp-json\/wp\/v2\/media?parent=85"}],"curies":[{"name":"wp","href":"https:\/\/api.w.org\/{rel}","templated":true}]}}