{"id":883,"date":"2016-07-11T17:57:14","date_gmt":"2016-07-11T17:57:14","guid":{"rendered":"http:\/\/www.ascensusski.com\/?page_id=883"},"modified":"2016-09-13T14:13:47","modified_gmt":"2016-09-13T14:13:47","slug":"xavier-and-richard-2","status":"publish","type":"page","link":"http:\/\/chaletascensus.com\/fr\/xavier-and-richard-2\/","title":{"rendered":"Xavier et Richard 2"},"content":{"rendered":"<h3>Vos H\u00f4tes<\/h3>\n<p>Xavier\u00a0et\u00a0Richard sont vos h\u00f4tes franco-anglais dans leur nouveau Chalet Ascensus. Forts de leurs ann\u00e9es d&rsquo;exp\u00e9rience, ils organisent votre s\u00e9jour avec soins et attention.<\/p>\n<p><a href=\"\/trip-advisor\/\"><img class=\" alignleft\" src=\"http:\/\/chaletascensus.com\/fr\/wp-content\/uploads\/Tripadvisor-logo-300x195.png\" alt=\"Tripadvisor logo\" width=\"100\" \/><\/a>Voici quelques avis de voyageurs s\u00e9journant dans leur pr\u00e9c\u00e9dent chalet:<\/p>\n<div class=\"testimonials-widget-testimonials testimonials-widget-testimonials100000\">\n<div class=\"testimonials-widget-testimonial whitespace post-967 testimonials-widget type-testimonials-widget status-publish category-uncategorized entry override\" style=\"\">\n<!-- testimonials-widget-testimonials:967: -->\n\t\t<blockquote><p><span class=\"open-quote\"><\/span>Fabulous ski holiday with the best of hosts<span class=\"close-quote\"><\/span><\/p>\n<\/blockquote>\n\t\t<\/div>\n<div class=\"testimonials-widget-testimonial whitespace post-966 testimonials-widget type-testimonials-widget status-publish category-uncategorized entry override\" style=\"display: none;\">\n<!-- testimonials-widget-testimonials:966: -->\n\t\t<blockquote><p><span class=\"open-quote\"><\/span>Fantastic chalet hosts, first class food and a warm welcoming atmosphere<span class=\"close-quote\"><\/span><\/p>\n<\/blockquote>\n\t\t<\/div>\n<div class=\"testimonials-widget-testimonial whitespace post-965 testimonials-widget type-testimonials-widget status-publish category-uncategorized entry override\" style=\"display: none;\">\n<!-- testimonials-widget-testimonials:965: -->\n\t\t<blockquote><p><span class=\"open-quote\"><\/span>Great Hosts, great food, great times<span class=\"close-quote\"><\/span><\/p>\n<\/blockquote>\n\t\t<\/div>\n<div class=\"testimonials-widget-testimonial whitespace post-959 testimonials-widget type-testimonials-widget status-publish category-uncategorized entry override\" style=\"display: none;\">\n<!-- testimonials-widget-testimonials:959: -->\n\t\t<blockquote><p><span class=\"open-quote\"><\/span>Toutes nos attentes ont \u00e9t\u00e9 d\u00e9pass\u00e9es<span class=\"close-quote\"><\/span><\/p>\n<\/blockquote>\n\t\t<\/div>\n<div class=\"testimonials-widget-testimonial whitespace post-963 testimonials-widget type-testimonials-widget status-publish category-uncategorized entry override\" style=\"display: none;\">\n<!-- testimonials-widget-testimonials:963: -->\n\t\t<blockquote><p><span class=\"open-quote\"><\/span>La cerise sur le gateau pour un court s\u00e9jour<span class=\"close-quote\"><\/span><\/p>\n<\/blockquote>\n\t\t<\/div>\n<div class=\"testimonials-widget-testimonial whitespace post-961 testimonials-widget type-testimonials-widget status-publish category-uncategorized entry override\" style=\"display: none;\">\n<!-- testimonials-widget-testimonials:961: -->\n\t\t<blockquote><p><span class=\"open-quote\"><\/span>Another fabulous stay<span class=\"close-quote\"><\/span><\/p>\n<\/blockquote>\n\t\t<\/div>\n<div class=\"testimonials-widget-testimonial whitespace post-964 testimonials-widget type-testimonials-widget status-publish category-uncategorized entry override\" style=\"display: none;\">\n<!-- testimonials-widget-testimonials:964: -->\n\t\t<blockquote><p><span class=\"open-quote\"><\/span>Excellent weekend au ski<span class=\"close-quote\"><\/span><\/p>\n<\/blockquote>\n\t\t<\/div>\n<div class=\"testimonials-widget-testimonial whitespace post-957 testimonials-widget type-testimonials-widget status-publish category-uncategorized entry override\" style=\"display: none;\">\n<!-- testimonials-widget-testimonials:957: -->\n\t\t<blockquote><p><span class=\"open-quote\"><\/span>Hospitalit\u00e9 5 Etoiles<span class=\"close-quote\"><\/span><\/p>\n<\/blockquote>\n\t\t<\/div>\n<div class=\"testimonials-widget-testimonial whitespace post-970 testimonials-widget type-testimonials-widget status-publish category-uncategorized entry override\" style=\"display: none;\">\n<!-- testimonials-widget-testimonials:970: -->\n\t\t<blockquote><p><span class=\"open-quote\"><\/span>Une tr\u00e8s belle semaine grace \u00e0 des hotes exceptionnels<span class=\"close-quote\"><\/span><\/p><\/blockquote>\n\t\t<\/div>\n<div class=\"testimonials-widget-testimonial whitespace post-962 testimonials-widget type-testimonials-widget status-publish category-uncategorized entry override\" style=\"display: none;\">\n<!-- testimonials-widget-testimonials:962: -->\n\t\t<blockquote><p><span class=\"open-quote\"><\/span>Le meilleur du Grand Massif<span class=\"close-quote\"><\/span><\/p>\n<\/blockquote>\n\t\t<\/div>\n<div class=\"testimonials-widget-testimonial whitespace post-960 testimonials-widget type-testimonials-widget status-publish category-uncategorized entry override\" style=\"display: none;\">\n<!-- testimonials-widget-testimonials:960: -->\n\t\t<blockquote><p><span class=\"open-quote\"><\/span>La meilleure semaine au ski avec des enfants<span class=\"close-quote\"><\/span><\/p>\n<\/blockquote>\n\t\t<\/div>\n<div class=\"testimonials-widget-testimonial whitespace post-969 testimonials-widget type-testimonials-widget status-publish category-uncategorized entry override\" style=\"display: none;\">\n<!-- testimonials-widget-testimonials:969: -->\n\t\t<blockquote><p><span class=\"open-quote\"><\/span>Excellent\u00a0s\u00e9jour grace \u00e0 l&rsquo;hospitalit\u00e9 de Xavier et Richard<span class=\"close-quote\"><\/span><\/p><\/blockquote>\n\t\t<\/div>\n<div class=\"testimonials-widget-testimonial whitespace post-971 testimonials-widget type-testimonials-widget status-publish category-uncategorized entry override\" style=\"display: none;\">\n<!-- testimonials-widget-testimonials:971: -->\n\t\t<blockquote><p><span class=\"open-quote\"><\/span>Semaine fantastique aux Carroz avec des hotes g\u00e9n\u00e9reux et attentifs<span class=\"close-quote\"><\/span><\/p><\/blockquote>\n\t\t<\/div>\n<div class=\"testimonials-widget-testimonial whitespace post-958 testimonials-widget type-testimonials-widget status-publish category-uncategorized entry override\" style=\"display: none;\">\n<!-- testimonials-widget-testimonials:958: -->\n\t\t<blockquote><p><span class=\"open-quote\"><\/span>A holiday to remember<span class=\"close-quote\"><\/span><\/p>\n<\/blockquote>\n\t\t<\/div>\n<div class=\"testimonials-widget-testimonial whitespace post-972 testimonials-widget type-testimonials-widget status-publish category-uncategorized entry override\" style=\"display: none;\">\n<!-- testimonials-widget-testimonials:972: -->\n\t\t<blockquote><p><span class=\"open-quote\"><\/span>Semaine magnifique aux Carroz<span class=\"close-quote\"><\/span><\/p>\n<\/blockquote>\n\t\t<\/div>\n<\/div>\n<div class=\"testimonials-widget-testimonials bx-controls testimonials-widget-testimonials100000-control\"><\/div>\n","protected":false},"excerpt":{"rendered":"<p>Vos H\u00f4tes Xavier\u00a0et\u00a0Richard sont vos h\u00f4tes franco-anglais dans leur nouveau Chalet Ascensus. Forts de leurs ann\u00e9es d&rsquo;exp\u00e9rience, ils organisent votre s\u00e9jour avec soins et attention. Voici quelques avis de voyageurs s\u00e9journant dans leur pr\u00e9c\u00e9dent chalet:<\/p>\n","protected":false},"author":1,"featured_media":896,"parent":0,"menu_order":0,"comment_status":"open","ping_status":"open","template":"","meta":{"_genesis_hide_title":false,"_genesis_hide_breadcrumbs":false,"_genesis_hide_singular_image":false,"_genesis_hide_footer_widgets":false,"_genesis_custom_body_class":"","_genesis_custom_post_class":"","_genesis_layout":""},"_links":{"self":[{"href":"http:\/\/chaletascensus.com\/fr\/wp-json\/wp\/v2\/pages\/883"}],"collection":[{"href":"http:\/\/chaletascensus.com\/fr\/wp-json\/wp\/v2\/pages"}],"about":[{"href":"http:\/\/chaletascensus.com\/fr\/wp-json\/wp\/v2\/types\/page"}],"author":[{"embeddable":true,"href":"http:\/\/chaletascensus.com\/fr\/wp-json\/wp\/v2\/users\/1"}],"replies":[{"embeddable":true,"href":"http:\/\/chaletascensus.com\/fr\/wp-json\/wp\/v2\/comments?post=883"}],"version-history":[{"count":37,"href":"http:\/\/chaletascensus.com\/fr\/wp-json\/wp\/v2\/pages\/883\/revisions"}],"predecessor-version":[{"id":1254,"href":"http:\/\/chaletascensus.com\/fr\/wp-json\/wp\/v2\/pages\/883\/revisions\/1254"}],"wp:featuredmedia":[{"embeddable":true,"href":"http:\/\/chaletascensus.com\/fr\/wp-json\/wp\/v2\/media\/896"}],"wp:attachment":[{"href":"http:\/\/chaletascensus.com\/fr\/wp-json\/wp\/v2\/media?parent=883"}],"curies":[{"name":"wp","href":"https:\/\/api.w.org\/{rel}","templated":true}]}}