{"id":946,"date":"2016-07-21T22:33:14","date_gmt":"2016-07-21T22:33:14","guid":{"rendered":"http:\/\/www.ascensusski.com\/?page_id=946"},"modified":"2016-09-14T13:51:47","modified_gmt":"2016-09-14T13:51:47","slug":"trip-advisor","status":"publish","type":"page","link":"http:\/\/chaletascensus.com\/fr\/trip-advisor\/","title":{"rendered":"Trip Advisor"},"content":{"rendered":"<p><img loading=\"lazy\" class=\" size-full wp-image-951 alignright\" src=\"http:\/\/chaletascensus.com\/fr\/fr\/wp-content\/uploads\/Tripadvisor-certificate.png\" alt=\"Tripadvisor-certificate\" width=\"271\" height=\"268\" srcset=\"http:\/\/chaletascensus.com\/fr\/wp-content\/uploads\/Tripadvisor-certificate.png 271w, http:\/\/chaletascensus.com\/fr\/wp-content\/uploads\/Tripadvisor-certificate-250x247.png 250w\" sizes=\"(max-width: 271px) 100vw, 271px\" \/>Vos h\u00f4tes Xavier et Richard se sont occup\u00e9s de leurs invit\u00e9s dans un autre chalet aux Carroz ces 3 derni\u00e8res ann\u00e9es, et les commentaires qu&rsquo;ils ont re\u00e7u sur Trip Advisor sont excellents.<img loading=\"lazy\" class=\" size-medium wp-image-950 alignright\" src=\"http:\/\/chaletascensus.com\/fr\/fr\/wp-content\/uploads\/TA-Ratings-Le-Palane1-300x214.png\" alt=\"TA Ratings - Le Palane\" width=\"300\" height=\"214\" srcset=\"http:\/\/chaletascensus.com\/fr\/wp-content\/uploads\/TA-Ratings-Le-Palane1-300x214.png 300w, http:\/\/chaletascensus.com\/fr\/wp-content\/uploads\/TA-Ratings-Le-Palane1-250x178.png 250w, http:\/\/chaletascensus.com\/fr\/wp-content\/uploads\/TA-Ratings-Le-Palane1.png 302w\" sizes=\"(max-width: 300px) 100vw, 300px\" \/><\/p>\n","protected":false},"excerpt":{"rendered":"<p>Vos h\u00f4tes Xavier et Richard se sont occup\u00e9s de leurs invit\u00e9s dans un autre chalet aux Carroz ces 3 derni\u00e8res ann\u00e9es, et les commentaires qu&rsquo;ils ont re\u00e7u sur Trip Advisor sont excellents.<\/p>\n","protected":false},"author":1,"featured_media":0,"parent":0,"menu_order":0,"comment_status":"open","ping_status":"open","template":"","meta":{"_genesis_hide_title":false,"_genesis_hide_breadcrumbs":false,"_genesis_hide_singular_image":false,"_genesis_hide_footer_widgets":false,"_genesis_custom_body_class":"","_genesis_custom_post_class":"","_genesis_layout":""},"_links":{"self":[{"href":"http:\/\/chaletascensus.com\/fr\/wp-json\/wp\/v2\/pages\/946"}],"collection":[{"href":"http:\/\/chaletascensus.com\/fr\/wp-json\/wp\/v2\/pages"}],"about":[{"href":"http:\/\/chaletascensus.com\/fr\/wp-json\/wp\/v2\/types\/page"}],"author":[{"embeddable":true,"href":"http:\/\/chaletascensus.com\/fr\/wp-json\/wp\/v2\/users\/1"}],"replies":[{"embeddable":true,"href":"http:\/\/chaletascensus.com\/fr\/wp-json\/wp\/v2\/comments?post=946"}],"version-history":[{"count":8,"href":"http:\/\/chaletascensus.com\/fr\/wp-json\/wp\/v2\/pages\/946\/revisions"}],"predecessor-version":[{"id":1202,"href":"http:\/\/chaletascensus.com\/fr\/wp-json\/wp\/v2\/pages\/946\/revisions\/1202"}],"wp:attachment":[{"href":"http:\/\/chaletascensus.com\/fr\/wp-json\/wp\/v2\/media?parent=946"}],"curies":[{"name":"wp","href":"https:\/\/api.w.org\/{rel}","templated":true}]}}